{"id":18,"date":"2017-09-14T13:34:50","date_gmt":"2017-09-14T10:34:50","guid":{"rendered":"http:\/\/kastamonuradyomoni.com\/?page_id=18"},"modified":"2023-07-20T16:34:45","modified_gmt":"2023-07-20T13:34:45","slug":"kunye","status":"publish","type":"page","link":"http:\/\/radyomoni.net\/index.php\/kunye\/","title":{"rendered":"K\u00fcnye"},"content":{"rendered":"<p><strong>\u015e\u0130RKET B\u0130LG\u0130LER\u0130\u00a0<\/strong><\/p>\n<p>Unvan\u0131\u00a0\u00a0\u00a0\u00a0\u00a0\u00a0\u00a0\u00a0\u00a0\u00a0\u00a0\u00a0 \u00a0\u00a0\u00a0\u00a0\u00a0\u00a0\u00a0\u00a0\u00a0\u00a0\u00a0 :\u00a0ALEM FM RADYO YAYINCILIK REKLAMCILIK PROGRAMCILIK VE TANITIM H\u0130ZMETLER\u0130 A.\u015e.<\/p>\n<p>Logo\/\u00c7a\u011fr\u0131 \u0130\u015fareti\u00a0\u00a0\u00a0\u00a0\u00a0\u00a0\u00a0 : RADYO MON\u0130<\/p>\n<p>Yay\u0131n Ortam\u0131\u00a0\u00a0\u00a0\u00a0\u00a0\u00a0\u00a0\u00a0\u00a0\u00a0\u00a0\u00a0\u00a0\u00a0 : Karasal ortam<\/p>\n<p>Lisans Tipi\u00a0\u00a0\u00a0\u00a0\u00a0\u00a0\u00a0\u00a0\u00a0\u00a0\u00a0\u00a0\u00a0\u00a0\u00a0\u00a0\u00a0\u00a0 : R3<\/p>\n<p>Frekans\u00a0\u00a0\u00a0\u00a0\u00a0\u00a0\u00a0\u00a0\u00a0\u00a0\u00a0\u00a0\u00a0\u00a0\u00a0\u00a0\u00a0\u00a0\u00a0\u00a0\u00a0\u00a0 : 99.5 Mhz<\/p>\n<p>Yay\u0131n T\u00fcr\u00fc\u00a0\u00a0\u00a0\u00a0\u00a0\u00a0\u00a0\u00a0\u00a0\u00a0\u00a0\u00a0\u00a0\u00a0\u00a0\u00a0\u00a0\u00a0 : Genel<\/p>\n<p>Yaz\u0131\u015fma Adresi\u00a0 \u00a0 \u00a0 \u00a0 \u00a0 \u00a0 : Hepkebirler Mh. Cumhuriyet Cd. N0:60 D:8 Merkez \/ KASTAMONU<\/p>\n<p>Telefon ve Faks\u00a0\u00a0\u00a0\u00a0\u00a0\u00a0\u00a0\u00a0\u00a0\u00a0 : 0366 214 76 13 \u2013 0544 748 32 26 &#8211; 0366 214 0993<\/p>\n<p>\u0130nternet Adresi \u00a0\u00a0\u00a0\u00a0\u00a0\u00a0\u00a0\u00a0\u00a0\u00a0\u00a0 : www.radyomoni.net<\/p>\n<p>E-posta\u00a0 \u00a0 \u00a0 \u00a0 \u00a0 \u00a0 \u00a0 \u00a0 \u00a0 \u00a0 \u00a0 \u00a0 \u00a0: radyomoni@hotmail.com<\/p>\n<p>KEP\u00a0 \u00a0 \u00a0 \u00a0 \u00a0 \u00a0 \u00a0 \u00a0 \u00a0 \u00a0 \u00a0 \u00a0 \u00a0 \u00a0 \u00a0 : <a href=\"mailto:alem.fm@hs01.kep.tr\">alem.fm@hs01.kep.tr<\/a><\/p>\n<p><strong>SORUMLU M\u00dcD\u00dcR<\/strong><\/p>\n<p>Ad\u0131-Soyad\u0131\u00a0\u00a0\u00a0\u00a0\u00a0\u00a0\u00a0\u00a0\u00a0\u00a0\u00a0\u00a0\u00a0\u00a0\u00a0\u00a0\u00a0\u00a0 : Canan \u00c7a\u011flar EMRULLAHO\u011eLU<\/p>\n<p>( Radyo Yay\u0131nlar\u0131 ve Programlar\u0131ndan Sorumlu M\u00fcd\u00fcr )<\/p>\n<p>\u0130leti\u015fim Bilgileri \u00a0\u00a0\u00a0\u00a0\u00a0\u00a0\u00a0\u00a0\u00a0\u00a0\u00a0 : 0544 748 32 26<\/p>\n<p>Posta Adresi\u00a0 \u00a0 \u00a0 \u00a0 \u00a0 \u00a0 \u00a0 \u00a0 \u00a0: Hepkebirler Mh. Cumhuriyet Cd. N0:60 D:8 Merkez \/ KASTAMONU<\/p>\n<p>E-posta Adresi \u00a0\u00a0\u00a0\u00a0\u00a0\u00a0\u00a0\u00a0\u00a0\u00a0\u00a0 : radyomoni@hotmail.com<\/p>\n<p><strong>\u0130ZLEY\u0130C\u0130 TEMS\u0130LC\u0130S\u0130<\/strong><\/p>\n<p>Ad\u0131-Soyad\u0131\u00a0\u00a0\u00a0\u00a0\u00a0\u00a0\u00a0\u00a0\u00a0\u00a0\u00a0\u00a0\u00a0\u00a0\u00a0\u00a0\u00a0\u00a0 : Harun KARABIYIKO\u011eLU<\/p>\n<p>\u0130leti\u015fim Bilgileri \u00a0\u00a0\u00a0\u00a0\u00a0\u00a0\u00a0\u00a0\u00a0\u00a0\u00a0 : 0549 212 33 66<\/p>\n<p>Posta Adresi\u00a0\u00a0\u00a0\u00a0\u00a0\u00a0\u00a0\u00a0\u00a0\u00a0\u00a0\u00a0\u00a0\u00a0\u00a0 : \u0130n\u00f6n\u00fc Mahallesi Af\u015finbey Sokak No:8\/A KASTAMONU<\/p>\n<p>E-posta Adresi \u00a0\u00a0\u00a0\u00a0\u00a0\u00a0\u00a0\u00a0\u00a0\u00a0\u00a0 : harun@haruntelekom.com<\/p>\n","protected":false},"excerpt":{"rendered":"<p>\u015e\u0130RKET B\u0130LG\u0130LER\u0130\u00a0 Unvan\u0131\u00a0\u00a0\u00a0\u00a0\u00a0\u00a0\u00a0\u00a0\u00a0\u00a0\u00a0\u00a0 \u00a0\u00a0\u00a0\u00a0\u00a0\u00a0\u00a0\u00a0\u00a0\u00a0\u00a0 :\u00a0ALEM FM RADYO YAYINCILIK REKLAMCILIK PROGRAMCILIK VE TANITIM H\u0130ZMETLER\u0130 A.\u015e. Logo\/\u00c7a\u011fr\u0131 \u0130\u015fareti\u00a0\u00a0\u00a0\u00a0\u00a0\u00a0\u00a0 : RADYO MON\u0130 Yay\u0131n Ortam\u0131\u00a0\u00a0\u00a0\u00a0\u00a0\u00a0\u00a0\u00a0\u00a0\u00a0\u00a0\u00a0\u00a0\u00a0 : Karasal ortam Lisans Tipi\u00a0\u00a0\u00a0\u00a0\u00a0\u00a0\u00a0\u00a0\u00a0\u00a0\u00a0\u00a0\u00a0\u00a0\u00a0\u00a0\u00a0\u00a0 : R3 Frekans\u00a0\u00a0\u00a0\u00a0\u00a0\u00a0\u00a0\u00a0\u00a0\u00a0\u00a0\u00a0\u00a0\u00a0\u00a0\u00a0\u00a0\u00a0\u00a0\u00a0\u00a0\u00a0 :&hellip;<\/p>\n","protected":false},"author":1,"featured_media":0,"parent":0,"menu_order":0,"comment_status":"closed","ping_status":"closed","template":"","meta":[],"_links":{"self":[{"href":"http:\/\/radyomoni.net\/index.php\/wp-json\/wp\/v2\/pages\/18"}],"collection":[{"href":"http:\/\/radyomoni.net\/index.php\/wp-json\/wp\/v2\/pages"}],"about":[{"href":"http:\/\/radyomoni.net\/index.php\/wp-json\/wp\/v2\/types\/page"}],"author":[{"embeddable":true,"href":"http:\/\/radyomoni.net\/index.php\/wp-json\/wp\/v2\/users\/1"}],"replies":[{"embeddable":true,"href":"http:\/\/radyomoni.net\/index.php\/wp-json\/wp\/v2\/comments?post=18"}],"version-history":[{"count":12,"href":"http:\/\/radyomoni.net\/index.php\/wp-json\/wp\/v2\/pages\/18\/revisions"}],"predecessor-version":[{"id":483,"href":"http:\/\/radyomoni.net\/index.php\/wp-json\/wp\/v2\/pages\/18\/revisions\/483"}],"wp:attachment":[{"href":"http:\/\/radyomoni.net\/index.php\/wp-json\/wp\/v2\/media?parent=18"}],"curies":[{"name":"wp","href":"https:\/\/api.w.org\/{rel}","templated":true}]}}